{"id":8,"date":"2012-12-20T19:13:10","date_gmt":"2012-12-20T22:13:10","guid":{"rendered":"http:\/\/www.opinando.com.br\/v1\/?page_id=8"},"modified":"2012-12-20T23:47:19","modified_gmt":"2012-12-21T02:47:19","slug":"fale-conosco","status":"publish","type":"page","link":"https:\/\/www.opinando.com.br\/v1\/fale-conosco\/","title":{"rendered":"Fale Conosco"},"content":{"rendered":"<p><strong>Utilize este canal para enviar sua mensagem ao Blog Opinando. Em breve estaremos dando um retorno \u00e0 sua mensagem, ou postando sua contribui\u00e7\u00e3o \u00e0 este blog.<\/strong><\/p>\n[contact-form-7 404 \"Not Found\"]\n","protected":false},"excerpt":{"rendered":"<p>Utilize este canal para enviar sua mensagem ao Blog Opinando. Em breve estaremos dando um retorno \u00e0 sua mensagem, ou postando sua contribui\u00e7\u00e3o \u00e0 este blog.<\/p>\n","protected":false},"author":1,"featured_media":0,"parent":0,"menu_order":11,"comment_status":"open","ping_status":"closed","template":"","meta":{"_links_to":"","_links_to_target":""},"_links":{"self":[{"href":"https:\/\/www.opinando.com.br\/v1\/wp-json\/wp\/v2\/pages\/8"}],"collection":[{"href":"https:\/\/www.opinando.com.br\/v1\/wp-json\/wp\/v2\/pages"}],"about":[{"href":"https:\/\/www.opinando.com.br\/v1\/wp-json\/wp\/v2\/types\/page"}],"author":[{"embeddable":true,"href":"https:\/\/www.opinando.com.br\/v1\/wp-json\/wp\/v2\/users\/1"}],"replies":[{"embeddable":true,"href":"https:\/\/www.opinando.com.br\/v1\/wp-json\/wp\/v2\/comments?post=8"}],"version-history":[{"count":5,"href":"https:\/\/www.opinando.com.br\/v1\/wp-json\/wp\/v2\/pages\/8\/revisions"}],"predecessor-version":[{"id":38,"href":"https:\/\/www.opinando.com.br\/v1\/wp-json\/wp\/v2\/pages\/8\/revisions\/38"}],"wp:attachment":[{"href":"https:\/\/www.opinando.com.br\/v1\/wp-json\/wp\/v2\/media?parent=8"}],"curies":[{"name":"wp","href":"https:\/\/api.w.org\/{rel}","templated":true}]}}